{"id":14900,"date":"2021-10-09T11:09:14","date_gmt":"2021-10-09T11:09:14","guid":{"rendered":"https:\/\/industria.be\/ski\/"},"modified":"2025-02-14T16:09:17","modified_gmt":"2025-02-14T16:09:17","slug":"ski","status":"publish","type":"page","link":"https:\/\/industria.be\/en\/ski\/","title":{"rendered":"Skitrip Industria Valmeinier 2025"},"content":{"rendered":"\n<div class=\"wp-block-media-text alignwide is-stacked-on-mobile is-vertically-aligned-center is-image-fill\" style=\"grid-template-columns:58% auto\"><figure class=\"wp-block-media-text__media\" style=\"background-image:url(https:\/\/industria.be\/app\/uploads\/2024\/09\/1725972692507-26f938f2-21b2-4c96-bde4-022d49841ba8_1.png);background-position:50% 50%\"><img width=\"1024\" height=\"543\" src=\"https:\/\/industria.be\/app\/uploads\/2024\/09\/1725972692507-26f938f2-21b2-4c96-bde4-022d49841ba8_1.png\" alt=\"\" class=\"wp-image-41297 size-full\" srcset=\"https:\/\/industria.be\/app\/uploads\/2024\/09\/1725972692507-26f938f2-21b2-4c96-bde4-022d49841ba8_1.png 1024w, https:\/\/industria.be\/app\/uploads\/2024\/09\/1725972692507-26f938f2-21b2-4c96-bde4-022d49841ba8_1-300x159.png 300w, https:\/\/industria.be\/app\/uploads\/2024\/09\/1725972692507-26f938f2-21b2-4c96-bde4-022d49841ba8_1-768x407.png 768w\" sizes=\"(max-width: 1024px) 100vw, 1024px\" \/><\/figure><div class=\"wp-block-media-text__content\">\n<h2>The skiing area<\/h2>\n\n\n\n<p>If you&#8217;re going on a skitrip, you will need slopes of course! This year we have chosen the <em><strong><strong><em>Galibier-Thabor<\/em><\/strong><\/strong><\/em> area in Valmenier, a beautiful ski resort that scores well on all criteria! In total, you can discover 160 km of slopes there:<\/p>\n\n\n\n<ul><li>8 black pistes<\/li><li>33 red pistes<\/li><li>32 blue pistes<\/li><li>17 green pistes<\/li><\/ul>\n<\/div><\/div>\n\n\n\n<hr class=\"wp-block-separator\"\/>\n\n\n\n<div class=\"wp-block-columns\">\n<div class=\"wp-block-column\" style=\"flex-basis:100%\">\n<div class=\"wp-block-group alignwide\"><div class=\"wp-block-group__inner-container\">\n<div class=\"wp-block-media-text alignwide has-media-on-the-right is-stacked-on-mobile is-vertically-aligned-center\" style=\"grid-template-columns:auto 46%\"><figure class=\"wp-block-media-text__media\"><img width=\"1024\" height=\"576\" src=\"https:\/\/industria.be\/app\/uploads\/2024\/09\/Apres-ski-risoul-2024-1024x576.png\" alt=\"\" class=\"wp-image-41539 size-full\" srcset=\"https:\/\/industria.be\/app\/uploads\/2024\/09\/Apres-ski-risoul-2024-1024x576.png 1024w, https:\/\/industria.be\/app\/uploads\/2024\/09\/Apres-ski-risoul-2024-300x169.png 300w, https:\/\/industria.be\/app\/uploads\/2024\/09\/Apres-ski-risoul-2024-768x432.png 768w, https:\/\/industria.be\/app\/uploads\/2024\/09\/Apres-ski-risoul-2024-1536x864.png 1536w, https:\/\/industria.be\/app\/uploads\/2024\/09\/Apres-ski-risoul-2024.png 1920w\" sizes=\"(max-width: 1024px) 100vw, 1024px\" \/><\/figure><div class=\"wp-block-media-text__content\">\n<h2>Apr\u00e8s-ski and parties<\/h2>\n\n\n\n<p>Besides a good ski resort, every student is also looking at what will happen off-piste. Together with our tour operator Totally Snow, we will provide the best apr\u00e8s-ski, as <strong>this year we will set up our own festival<\/strong> with accompanying free kegs!<\/p>\n<\/div><\/div>\n<\/div><\/div>\n<\/div>\n<\/div>\n\n\n\n<hr class=\"wp-block-separator\"\/>\n\n\n\n<h2 class=\"has-text-align-center\">The accommodation<\/h2>\n\n\n\n<p class=\"has-text-align-left\">R\u00e9sidence Les M\u00e9l\u00e8zes has a perfect location, right on the piste! Not only is the piste close by: the cosy centre of Risoul is too. The flats are comfortably furnished and all have a kitchen (including dishwasher), living room with TV and a bathroom.<\/p>\n\n\n\n<figure class=\"wp-block-gallery columns-2 is-cropped\"><ul class=\"blocks-gallery-grid\"><li class=\"blocks-gallery-item\"><figure><img width=\"1024\" height=\"656\" src=\"https:\/\/industria.be\/app\/uploads\/2024\/09\/location-ski-valmeinier-residence-odalys-lumieres-des-neiges-3-1024x656.png\" alt=\"\" data-id=\"41346\" data-full-url=\"https:\/\/industria.be\/app\/uploads\/2024\/09\/location-ski-valmeinier-residence-odalys-lumieres-des-neiges-3.png\" data-link=\"https:\/\/industria.be\/en\/ski\/location-ski-valmeinier-residence-odalys-lumieres-des-neiges-3-2\/\" class=\"wp-image-41346\" srcset=\"https:\/\/industria.be\/app\/uploads\/2024\/09\/location-ski-valmeinier-residence-odalys-lumieres-des-neiges-3-1024x656.png 1024w, https:\/\/industria.be\/app\/uploads\/2024\/09\/location-ski-valmeinier-residence-odalys-lumieres-des-neiges-3-300x192.png 300w, https:\/\/industria.be\/app\/uploads\/2024\/09\/location-ski-valmeinier-residence-odalys-lumieres-des-neiges-3-768x492.png 768w, https:\/\/industria.be\/app\/uploads\/2024\/09\/location-ski-valmeinier-residence-odalys-lumieres-des-neiges-3.png 1280w\" sizes=\"(max-width: 1024px) 100vw, 1024px\" \/><figcaption class=\"blocks-gallery-item__caption\">Bedroom &#8211; Living Room<\/figcaption><\/figure><\/li><li class=\"blocks-gallery-item\"><figure><img width=\"1024\" height=\"656\" src=\"https:\/\/industria.be\/app\/uploads\/2024\/09\/location-ski-valmeinier-residence-odalys-lumieres-des-neiges-14-1024x656.png\" alt=\"\" data-id=\"41348\" data-full-url=\"https:\/\/industria.be\/app\/uploads\/2024\/09\/location-ski-valmeinier-residence-odalys-lumieres-des-neiges-14.png\" data-link=\"https:\/\/industria.be\/en\/ski\/location-ski-valmeinier-residence-odalys-lumieres-des-neiges-14-2\/\" class=\"wp-image-41348\" srcset=\"https:\/\/industria.be\/app\/uploads\/2024\/09\/location-ski-valmeinier-residence-odalys-lumieres-des-neiges-14-1024x656.png 1024w, https:\/\/industria.be\/app\/uploads\/2024\/09\/location-ski-valmeinier-residence-odalys-lumieres-des-neiges-14-300x192.png 300w, https:\/\/industria.be\/app\/uploads\/2024\/09\/location-ski-valmeinier-residence-odalys-lumieres-des-neiges-14-768x492.png 768w, https:\/\/industria.be\/app\/uploads\/2024\/09\/location-ski-valmeinier-residence-odalys-lumieres-des-neiges-14.png 1280w\" sizes=\"(max-width: 1024px) 100vw, 1024px\" \/><figcaption class=\"blocks-gallery-item__caption\">Bathroom<\/figcaption><\/figure><\/li><li class=\"blocks-gallery-item\"><figure><img width=\"1024\" height=\"656\" src=\"https:\/\/industria.be\/app\/uploads\/2024\/09\/location-ski-valmeinier-residence-odalys-lumieres-des-neiges-9-1024x656.png\" alt=\"\" data-id=\"41352\" data-full-url=\"https:\/\/industria.be\/app\/uploads\/2024\/09\/location-ski-valmeinier-residence-odalys-lumieres-des-neiges-9.png\" data-link=\"https:\/\/industria.be\/en\/ski\/location-ski-valmeinier-residence-odalys-lumieres-des-neiges-9-2\/\" class=\"wp-image-41352\" srcset=\"https:\/\/industria.be\/app\/uploads\/2024\/09\/location-ski-valmeinier-residence-odalys-lumieres-des-neiges-9-1024x656.png 1024w, https:\/\/industria.be\/app\/uploads\/2024\/09\/location-ski-valmeinier-residence-odalys-lumieres-des-neiges-9-300x192.png 300w, https:\/\/industria.be\/app\/uploads\/2024\/09\/location-ski-valmeinier-residence-odalys-lumieres-des-neiges-9-768x492.png 768w, https:\/\/industria.be\/app\/uploads\/2024\/09\/location-ski-valmeinier-residence-odalys-lumieres-des-neiges-9.png 1280w\" sizes=\"(max-width: 1024px) 100vw, 1024px\" \/><\/figure><\/li><li class=\"blocks-gallery-item\"><figure><img width=\"1024\" height=\"656\" src=\"https:\/\/industria.be\/app\/uploads\/2024\/09\/location-ski-valmeinier-residence-odalys-lumieres-des-neiges-7-1024x656.png\" alt=\"\" data-id=\"41350\" data-full-url=\"https:\/\/industria.be\/app\/uploads\/2024\/09\/location-ski-valmeinier-residence-odalys-lumieres-des-neiges-7.png\" data-link=\"https:\/\/industria.be\/en\/ski\/location-ski-valmeinier-residence-odalys-lumieres-des-neiges-7-2\/\" class=\"wp-image-41350\" srcset=\"https:\/\/industria.be\/app\/uploads\/2024\/09\/location-ski-valmeinier-residence-odalys-lumieres-des-neiges-7-1024x656.png 1024w, https:\/\/industria.be\/app\/uploads\/2024\/09\/location-ski-valmeinier-residence-odalys-lumieres-des-neiges-7-300x192.png 300w, https:\/\/industria.be\/app\/uploads\/2024\/09\/location-ski-valmeinier-residence-odalys-lumieres-des-neiges-7-768x492.png 768w, https:\/\/industria.be\/app\/uploads\/2024\/09\/location-ski-valmeinier-residence-odalys-lumieres-des-neiges-7.png 1280w\" sizes=\"(max-width: 1024px) 100vw, 1024px\" \/><figcaption class=\"blocks-gallery-item__caption\">Living Room<\/figcaption><\/figure><\/li><li class=\"blocks-gallery-item\"><figure><img width=\"1024\" height=\"656\" src=\"https:\/\/industria.be\/app\/uploads\/2024\/09\/location-ski-valmeinier-residence-odalys-lumieres-des-neiges-1-1024x656.png\" alt=\"\" data-id=\"41343\" data-full-url=\"https:\/\/industria.be\/app\/uploads\/2024\/09\/location-ski-valmeinier-residence-odalys-lumieres-des-neiges-1.png\" data-link=\"https:\/\/industria.be\/en\/ski\/location-ski-valmeinier-residence-odalys-lumieres-des-neiges-1-2\/\" class=\"wp-image-41343\" srcset=\"https:\/\/industria.be\/app\/uploads\/2024\/09\/location-ski-valmeinier-residence-odalys-lumieres-des-neiges-1-1024x656.png 1024w, https:\/\/industria.be\/app\/uploads\/2024\/09\/location-ski-valmeinier-residence-odalys-lumieres-des-neiges-1-300x192.png 300w, https:\/\/industria.be\/app\/uploads\/2024\/09\/location-ski-valmeinier-residence-odalys-lumieres-des-neiges-1-768x492.png 768w, https:\/\/industria.be\/app\/uploads\/2024\/09\/location-ski-valmeinier-residence-odalys-lumieres-des-neiges-1.png 1280w\" sizes=\"(max-width: 1024px) 100vw, 1024px\" \/><figcaption class=\"blocks-gallery-item__caption\">R\u00e9sidence Les Lumi\u00e8res de Neige<\/figcaption><\/figure><\/li><\/ul><\/figure>\n\n\n\n<hr class=\"wp-block-separator\"\/>\n\n\n\n<div class=\"wp-block-media-text alignwide has-media-on-the-right is-stacked-on-mobile is-vertically-aligned-center\" style=\"grid-template-columns:auto 46%\"><figure class=\"wp-block-media-text__media\"><img width=\"1024\" height=\"683\" src=\"https:\/\/industria.be\/app\/uploads\/2021\/10\/randanimatie-1024x683.jpg\" alt=\"\" class=\"wp-image-3256 size-full\" srcset=\"https:\/\/industria.be\/app\/uploads\/2021\/10\/randanimatie-1024x683.jpg 1024w, https:\/\/industria.be\/app\/uploads\/2021\/10\/randanimatie-300x200.jpg 300w, https:\/\/industria.be\/app\/uploads\/2021\/10\/randanimatie-768x512.jpg 768w, https:\/\/industria.be\/app\/uploads\/2021\/10\/randanimatie-1536x1024.jpg 1536w, https:\/\/industria.be\/app\/uploads\/2021\/10\/randanimatie.jpg 2048w\" sizes=\"(max-width: 1024px) 100vw, 1024px\" \/><\/figure><div class=\"wp-block-media-text__content\">\n<h2>Side animation<\/h2>\n\n\n\n<p>Together with Totally, we will also provide plenty of fringe entertainment for you to participate in during the ski trip! We can already promise that there will be a BBQ. In addition, we are still looking at what the possibilities are, previous years we organised a jenever rodel, a torchlight walk, a restaurant evening, festival, theme parties\u2026 Furthermore, we will even take along more than 300 bottles of jenever for our participants! In short, you won&#8217;t get bored if you come with us!<\/p>\n<\/div><\/div>\n\n\n\n<hr class=\"wp-block-separator\"\/>\n\n\n\n<div class=\"wp-block-media-text alignwide is-stacked-on-mobile is-vertically-aligned-center\" style=\"grid-template-columns:46% auto\"><figure class=\"wp-block-media-text__media\"><img width=\"276\" height=\"131\" src=\"https:\/\/industria.be\/app\/uploads\/2021\/10\/CP-4258_Totally_USP-icons_export_bus-bed-skipas.png\" alt=\"\" class=\"wp-image-3275 size-full\"\/><\/figure><div class=\"wp-block-media-text__content\">\n<h2>Only \u20ac609<\/h2>\n\n\n\n<p>What is all included?<\/p>\n\n\n\n<ul><li>Bus trip there &amp; back<\/li><li>7 days accomodation<\/li><li>6 days ski pass<\/li><li>50 barrels of beer<\/li><li>350 bottles of jenever<\/li><li>Hoodie<\/li><li>Shotglass + lanyard<\/li><\/ul>\n<\/div><\/div>\n\n\n\n<hr class=\"wp-block-separator\"\/>\n\n\n\n<div class=\"wp-block-media-text alignwide has-media-on-the-right is-stacked-on-mobile\"><figure class=\"wp-block-media-text__media\"><img width=\"624\" height=\"376\" src=\"https:\/\/industria.be\/app\/uploads\/2023\/10\/Schermafbeelding-2023-10-04-110836-1.png\" alt=\"\" class=\"wp-image-26521 size-full\" srcset=\"https:\/\/industria.be\/app\/uploads\/2023\/10\/Schermafbeelding-2023-10-04-110836-1.png 624w, https:\/\/industria.be\/app\/uploads\/2023\/10\/Schermafbeelding-2023-10-04-110836-1-300x181.png 300w\" sizes=\"(max-width: 624px) 100vw, 624px\" \/><\/figure><div class=\"wp-block-media-text__content\">\n<p class=\"has-large-font-size\"><strong>Own ski&#8217;s?<\/strong><\/p>\n\n\n\n<p>Are you looking for a pair of your own skis but do you think it is too expensive? Then be sure to take a look at the Mountain Lab website! Mountain Lab was born from a passion for skiing. You can contact them for <strong>quality material<\/strong> at the right price. Buying from Mountain Lab is usually cheaper than renting twice. They are the only one in Belgium to specialize in the sale of <strong>high-quality<\/strong> and recent <strong>second-hand ski equipment<\/strong> since 2018. They have more than 600 pairs of skis in stock, ranging from piste skis, freestyle skis to freeride and touring skis.<\/p>\n<\/div><\/div>\n\n\n\n<hr class=\"wp-block-separator\"\/>\n\n\n\n<h2 class=\"has-text-align-center\">Be quick to register, last year our ski trip sold out in just 4 minutes! This year the registrations start on 15 october at 18:00!<\/h2>\n\n\n\n<div class=\"wp-block-buttons aligncenter\">\n<div class=\"wp-block-button\"><a class=\"wp-block-button__link\" href=\"https:\/\/industria.be\/en\/ski\/\" target=\"_blank\" rel=\"noreferrer noopener\">See you next year<\/a><\/div>\n<\/div>\n\n\n\n<hr class=\"wp-block-separator\"\/>\n\n\n\n<h2 class=\"has-text-align-center\">Still not convinced? Take a look at the aftermovie from our last edition!<\/h2>\n\n\n\n<figure class=\"wp-block-embed is-type-video is-provider-youtube wp-block-embed-youtube wp-embed-aspect-16-9 wp-has-aspect-ratio\"><div class=\"wp-block-embed__wrapper\">\n<iframe title=\"render7 risoul\" width=\"500\" height=\"281\" src=\"https:\/\/www.youtube.com\/embed\/ORrSwtJ8pEY?feature=oembed\" frameborder=\"0\" allow=\"accelerometer; autoplay; clipboard-write; encrypted-media; gyroscope; picture-in-picture; web-share\" referrerpolicy=\"strict-origin-when-cross-origin\" allowfullscreen><\/iframe>\n<\/div><\/figure>\n\n\n\n<hr class=\"wp-block-separator\"\/>\n\n\n\n<h2 class=\"has-text-align-center\">Still have questions? Then send an email to ski@industria.be, we will be happy to help!<\/h2>\n\n\n\n<figure class=\"wp-block-image size-large\"><img width=\"1024\" height=\"683\" src=\"https:\/\/industria.be\/app\/uploads\/2022\/10\/EE-2539-1024x683.jpg\" alt=\"\" class=\"wp-image-14886\" srcset=\"https:\/\/industria.be\/app\/uploads\/2022\/10\/EE-2539-1024x683.jpg 1024w, https:\/\/industria.be\/app\/uploads\/2022\/10\/EE-2539-300x200.jpg 300w, https:\/\/industria.be\/app\/uploads\/2022\/10\/EE-2539-768x512.jpg 768w, https:\/\/industria.be\/app\/uploads\/2022\/10\/EE-2539-1536x1024.jpg 1536w, https:\/\/industria.be\/app\/uploads\/2022\/10\/EE-2539-2048x1365.jpg 2048w\" sizes=\"(max-width: 1024px) 100vw, 1024px\" \/><\/figure>\n\n\n\n<p><\/p>\n","protected":false},"excerpt":{"rendered":"<p>In 2025 we will go to Valmeinier from 31\/01\/2025 &#8211; 09\/02\/2025! A ski trip with Industria guarantees an unforgettable experience. Get ready for a lesson-free week full of skiing fun!<\/p>\n","protected":false},"author":1236,"featured_media":17175,"parent":0,"menu_order":0,"comment_status":"closed","ping_status":"closed","template":"","meta":{"show_hero":true},"_links":{"self":[{"href":"https:\/\/industria.be\/en\/wp-json\/wp\/v2\/pages\/14900"}],"collection":[{"href":"https:\/\/industria.be\/en\/wp-json\/wp\/v2\/pages"}],"about":[{"href":"https:\/\/industria.be\/en\/wp-json\/wp\/v2\/types\/page"}],"author":[{"embeddable":true,"href":"https:\/\/industria.be\/en\/wp-json\/wp\/v2\/users\/1236"}],"replies":[{"embeddable":true,"href":"https:\/\/industria.be\/en\/wp-json\/wp\/v2\/comments?post=14900"}],"version-history":[{"count":46,"href":"https:\/\/industria.be\/en\/wp-json\/wp\/v2\/pages\/14900\/revisions"}],"predecessor-version":[{"id":49626,"href":"https:\/\/industria.be\/en\/wp-json\/wp\/v2\/pages\/14900\/revisions\/49626"}],"wp:featuredmedia":[{"embeddable":true,"href":"https:\/\/industria.be\/en\/wp-json\/wp\/v2\/media\/17175"}],"wp:attachment":[{"href":"https:\/\/industria.be\/en\/wp-json\/wp\/v2\/media?parent=14900"}],"curies":[{"name":"wp","href":"https:\/\/api.w.org\/{rel}","templated":true}]}}